{"id":505,"date":"2022-12-23T10:45:31","date_gmt":"2022-12-23T13:45:31","guid":{"rendered":"https:\/\/aquariopb.net-br.net\/?page_id=505"},"modified":"2023-03-05T17:13:46","modified_gmt":"2023-03-05T20:13:46","slug":"promoverao-2023-aquarioparaiba","status":"publish","type":"page","link":"https:\/\/aquarioparaiba.com.br\/en\/promoverao-2023-aquarioparaiba\/","title":{"rendered":"PromoSummer \u2013 2023 \u2013 Para\u00edba Aquarium"},"content":{"rendered":"<p>This Summer 2023 compete for amazing prizes from Aqu\u00e1rio Para\u00edba.<\/p>\n\n\n<div class=\"wp-block-image\">\n<figure class=\"aligncenter size-full is-resized\"><a href=\"https:\/\/aquariopb.net-br.net\/wp-content\/uploads\/2023\/01\/PROMO-VERAO-AQUARIO.jpg\"><img fetchpriority=\"high\" decoding=\"async\" src=\"https:\/\/aquariopb.net-br.net\/wp-content\/uploads\/2023\/01\/PROMO-VERAO-AQUARIO.jpg\" alt=\"\" class=\"wp-image-605\" width=\"412\" height=\"412\" srcset=\"https:\/\/aquarioparaiba.com.br\/wp-content\/uploads\/2023\/01\/PROMO-VERAO-AQUARIO.jpg 800w, https:\/\/aquarioparaiba.com.br\/wp-content\/uploads\/2023\/01\/PROMO-VERAO-AQUARIO-300x300.jpg 300w, https:\/\/aquarioparaiba.com.br\/wp-content\/uploads\/2023\/01\/PROMO-VERAO-AQUARIO-150x150.jpg 150w, https:\/\/aquarioparaiba.com.br\/wp-content\/uploads\/2023\/01\/PROMO-VERAO-AQUARIO-768x768.jpg 768w, https:\/\/aquarioparaiba.com.br\/wp-content\/uploads\/2023\/01\/PROMO-VERAO-AQUARIO-12x12.jpg 12w\" sizes=\"(max-width: 412px) 100vw, 412px\" \/><\/a><\/figure>\n<\/div>\n\n\n<p><strong>Rules<\/strong><\/p>\n\n\n\n<ol class=\"wp-block-list\">\n<li>follow instagram <a href=\"https:\/\/www.instagram.com\/aquarioparaiba\/\" target=\"_blank\" rel=\"noreferrer noopener\">@aquarioparaiba<\/a><\/li>\n\n\n\n<li>Register in the promotion form &quot;<strong>PromoSummer \u2013 2023 \u2013 Para\u00edba Aquarium<\/strong>\u201d on the Para\u00edba Aquarium website<\/li>\n\n\n\n<li>After registering, access the user panel through the link <a href=\"https:\/\/aquarioparaiba.com.br\/en\/painel\/\">Panel<\/a><\/li>\n<\/ol>","protected":false},"excerpt":{"rendered":"<p>This Summer 2023 compete for incredible prizes from Aqu\u00e1rio Para\u00edba. Rules<\/p>","protected":false},"author":1,"featured_media":600,"parent":0,"menu_order":0,"comment_status":"closed","ping_status":"closed","template":"","meta":{"footnotes":""},"class_list":["post-505","page","type-page","status-publish","has-post-thumbnail","hentry"],"yoast_head":"<!-- This site is optimized with the Yoast SEO plugin v27.4 - https:\/\/yoast.com\/product\/yoast-seo-wordpress\/ -->\n<title>PromoVer\u00e3o - 2023 - Aqu\u00e1rio Para\u00edba - Aquario Para\u00edba<\/title>\n<meta name=\"robots\" content=\"index, follow, max-snippet:-1, max-image-preview:large, max-video-preview:-1\" \/>\n<link rel=\"canonical\" href=\"https:\/\/aquarioparaiba.com.br\/en\/promoverao-2023-aquarioparaiba\/\" \/>\n<meta property=\"og:locale\" content=\"en_GB\" \/>\n<meta property=\"og:type\" content=\"article\" \/>\n<meta property=\"og:title\" content=\"PromoVer\u00e3o - 2023 - Aqu\u00e1rio Para\u00edba - Aquario Para\u00edba\" \/>\n<meta property=\"og:description\" content=\"Neste Ver\u00e3o 2023 concorra a pr\u00eamios incriveis do Aqu\u00e1rio Para\u00edba. Regras\" \/>\n<meta property=\"og:url\" content=\"https:\/\/aquarioparaiba.com.br\/en\/promoverao-2023-aquarioparaiba\/\" \/>\n<meta property=\"og:site_name\" content=\"Aquario Para\u00edba\" \/>\n<meta property=\"article:publisher\" content=\"https:\/\/www.facebook.com\/aquarioparaiba\" \/>\n<meta property=\"article:modified_time\" content=\"2023-03-05T20:13:46+00:00\" \/>\n<meta property=\"og:image\" content=\"https:\/\/aquarioparaiba.com.br\/wp-content\/uploads\/2023\/01\/tubarao-aquario-paraiba-lv.jpg\" \/>\n\t<meta property=\"og:image:width\" content=\"807\" \/>\n\t<meta property=\"og:image:height\" content=\"605\" \/>\n\t<meta property=\"og:image:type\" content=\"image\/jpeg\" \/>\n<meta name=\"twitter:card\" content=\"summary_large_image\" \/>\n<meta name=\"twitter:site\" content=\"@aquarioparaiba_\" \/>\n<meta name=\"twitter:label1\" content=\"Estimated reading time\" \/>\n\t<meta name=\"twitter:data1\" content=\"1 minute\" \/>\n<script type=\"application\/ld+json\" class=\"yoast-schema-graph\">{\"@context\":\"https:\\\/\\\/schema.org\",\"@graph\":[{\"@type\":\"WebPage\",\"@id\":\"https:\\\/\\\/aquarioparaiba.com.br\\\/promoverao-2023-aquarioparaiba\\\/\",\"url\":\"https:\\\/\\\/aquarioparaiba.com.br\\\/promoverao-2023-aquarioparaiba\\\/\",\"name\":\"PromoVer\u00e3o - 2023 - Aqu\u00e1rio Para\u00edba - Aquario Para\u00edba\",\"isPartOf\":{\"@id\":\"https:\\\/\\\/aquarioparaiba.com.br\\\/#website\"},\"primaryImageOfPage\":{\"@id\":\"https:\\\/\\\/aquarioparaiba.com.br\\\/promoverao-2023-aquarioparaiba\\\/#primaryimage\"},\"image\":{\"@id\":\"https:\\\/\\\/aquarioparaiba.com.br\\\/promoverao-2023-aquarioparaiba\\\/#primaryimage\"},\"thumbnailUrl\":\"https:\\\/\\\/aquarioparaiba.com.br\\\/wp-content\\\/uploads\\\/2023\\\/01\\\/tubarao-aquario-paraiba-lv.jpg\",\"datePublished\":\"2022-12-23T13:45:31+00:00\",\"dateModified\":\"2023-03-05T20:13:46+00:00\",\"breadcrumb\":{\"@id\":\"https:\\\/\\\/aquarioparaiba.com.br\\\/promoverao-2023-aquarioparaiba\\\/#breadcrumb\"},\"inLanguage\":\"en-GB\",\"potentialAction\":[{\"@type\":\"ReadAction\",\"target\":[\"https:\\\/\\\/aquarioparaiba.com.br\\\/promoverao-2023-aquarioparaiba\\\/\"]}]},{\"@type\":\"ImageObject\",\"inLanguage\":\"en-GB\",\"@id\":\"https:\\\/\\\/aquarioparaiba.com.br\\\/promoverao-2023-aquarioparaiba\\\/#primaryimage\",\"url\":\"https:\\\/\\\/aquarioparaiba.com.br\\\/wp-content\\\/uploads\\\/2023\\\/01\\\/tubarao-aquario-paraiba-lv.jpg\",\"contentUrl\":\"https:\\\/\\\/aquarioparaiba.com.br\\\/wp-content\\\/uploads\\\/2023\\\/01\\\/tubarao-aquario-paraiba-lv.jpg\",\"width\":807,\"height\":605},{\"@type\":\"BreadcrumbList\",\"@id\":\"https:\\\/\\\/aquarioparaiba.com.br\\\/promoverao-2023-aquarioparaiba\\\/#breadcrumb\",\"itemListElement\":[{\"@type\":\"ListItem\",\"position\":1,\"name\":\"In\u00edcio\",\"item\":\"https:\\\/\\\/aquarioparaiba.com.br\\\/\"},{\"@type\":\"ListItem\",\"position\":2,\"name\":\"PromoVer\u00e3o &#8211; 2023 &#8211; Aqu\u00e1rio Para\u00edba\"}]},{\"@type\":\"WebSite\",\"@id\":\"https:\\\/\\\/aquarioparaiba.com.br\\\/#website\",\"url\":\"https:\\\/\\\/aquarioparaiba.com.br\\\/\",\"name\":\"Aquario Para\u00edba\",\"description\":\"Escute o chamado da Natureza!\",\"publisher\":{\"@id\":\"https:\\\/\\\/aquarioparaiba.com.br\\\/#organization\"},\"potentialAction\":[{\"@type\":\"SearchAction\",\"target\":{\"@type\":\"EntryPoint\",\"urlTemplate\":\"https:\\\/\\\/aquarioparaiba.com.br\\\/?s={search_term_string}\"},\"query-input\":{\"@type\":\"PropertyValueSpecification\",\"valueRequired\":true,\"valueName\":\"search_term_string\"}}],\"inLanguage\":\"en-GB\"},{\"@type\":\"Organization\",\"@id\":\"https:\\\/\\\/aquarioparaiba.com.br\\\/#organization\",\"name\":\"Aquario Para\u00edba\",\"url\":\"https:\\\/\\\/aquarioparaiba.com.br\\\/\",\"logo\":{\"@type\":\"ImageObject\",\"inLanguage\":\"en-GB\",\"@id\":\"https:\\\/\\\/aquarioparaiba.com.br\\\/#\\\/schema\\\/logo\\\/image\\\/\",\"url\":\"https:\\\/\\\/aquarioparaiba.com.br\\\/wp-content\\\/uploads\\\/2022\\\/12\\\/AQUARIOPARAIBA-LOGO-ICO.png\",\"contentUrl\":\"https:\\\/\\\/aquarioparaiba.com.br\\\/wp-content\\\/uploads\\\/2022\\\/12\\\/AQUARIOPARAIBA-LOGO-ICO.png\",\"width\":365,\"height\":288,\"caption\":\"Aquario Para\u00edba\"},\"image\":{\"@id\":\"https:\\\/\\\/aquarioparaiba.com.br\\\/#\\\/schema\\\/logo\\\/image\\\/\"},\"sameAs\":[\"https:\\\/\\\/www.facebook.com\\\/aquarioparaiba\",\"https:\\\/\\\/x.com\\\/aquarioparaiba_\",\"https:\\\/\\\/www.instagram.com\\\/aquarioparaiba\\\/\"]}]}<\/script>\n<!-- \/ Yoast SEO plugin. -->","yoast_head_json":{"title":"PromoSummer - 2023 - Para\u00edba Aquarium - Para\u00edba Aquarium","robots":{"index":"index","follow":"follow","max-snippet":"max-snippet:-1","max-image-preview":"max-image-preview:large","max-video-preview":"max-video-preview:-1"},"canonical":"https:\/\/aquarioparaiba.com.br\/en\/promoverao-2023-aquarioparaiba\/","og_locale":"en_GB","og_type":"article","og_title":"PromoVer\u00e3o - 2023 - Aqu\u00e1rio Para\u00edba - Aquario Para\u00edba","og_description":"Neste Ver\u00e3o 2023 concorra a pr\u00eamios incriveis do Aqu\u00e1rio Para\u00edba. Regras","og_url":"https:\/\/aquarioparaiba.com.br\/en\/promoverao-2023-aquarioparaiba\/","og_site_name":"Aquario Para\u00edba","article_publisher":"https:\/\/www.facebook.com\/aquarioparaiba","article_modified_time":"2023-03-05T20:13:46+00:00","og_image":[{"width":807,"height":605,"url":"https:\/\/aquarioparaiba.com.br\/wp-content\/uploads\/2023\/01\/tubarao-aquario-paraiba-lv.jpg","type":"image\/jpeg"}],"twitter_card":"summary_large_image","twitter_site":"@aquarioparaiba_","twitter_misc":{"Estimated reading time":"1 minute"},"schema":{"@context":"https:\/\/schema.org","@graph":[{"@type":"WebPage","@id":"https:\/\/aquarioparaiba.com.br\/promoverao-2023-aquarioparaiba\/","url":"https:\/\/aquarioparaiba.com.br\/promoverao-2023-aquarioparaiba\/","name":"PromoSummer - 2023 - Para\u00edba Aquarium - Para\u00edba Aquarium","isPartOf":{"@id":"https:\/\/aquarioparaiba.com.br\/#website"},"primaryImageOfPage":{"@id":"https:\/\/aquarioparaiba.com.br\/promoverao-2023-aquarioparaiba\/#primaryimage"},"image":{"@id":"https:\/\/aquarioparaiba.com.br\/promoverao-2023-aquarioparaiba\/#primaryimage"},"thumbnailUrl":"https:\/\/aquarioparaiba.com.br\/wp-content\/uploads\/2023\/01\/tubarao-aquario-paraiba-lv.jpg","datePublished":"2022-12-23T13:45:31+00:00","dateModified":"2023-03-05T20:13:46+00:00","breadcrumb":{"@id":"https:\/\/aquarioparaiba.com.br\/promoverao-2023-aquarioparaiba\/#breadcrumb"},"inLanguage":"en-GB","potentialAction":[{"@type":"ReadAction","target":["https:\/\/aquarioparaiba.com.br\/promoverao-2023-aquarioparaiba\/"]}]},{"@type":"ImageObject","inLanguage":"en-GB","@id":"https:\/\/aquarioparaiba.com.br\/promoverao-2023-aquarioparaiba\/#primaryimage","url":"https:\/\/aquarioparaiba.com.br\/wp-content\/uploads\/2023\/01\/tubarao-aquario-paraiba-lv.jpg","contentUrl":"https:\/\/aquarioparaiba.com.br\/wp-content\/uploads\/2023\/01\/tubarao-aquario-paraiba-lv.jpg","width":807,"height":605},{"@type":"BreadcrumbList","@id":"https:\/\/aquarioparaiba.com.br\/promoverao-2023-aquarioparaiba\/#breadcrumb","itemListElement":[{"@type":"ListItem","position":1,"name":"In\u00edcio","item":"https:\/\/aquarioparaiba.com.br\/"},{"@type":"ListItem","position":2,"name":"PromoVer\u00e3o &#8211; 2023 &#8211; Aqu\u00e1rio Para\u00edba"}]},{"@type":"WebSite","@id":"https:\/\/aquarioparaiba.com.br\/#website","url":"https:\/\/aquarioparaiba.com.br\/","name":"Para\u00edba Aquarium","description":"Hear the call of Nature!","publisher":{"@id":"https:\/\/aquarioparaiba.com.br\/#organization"},"potentialAction":[{"@type":"SearchAction","target":{"@type":"EntryPoint","urlTemplate":"https:\/\/aquarioparaiba.com.br\/?s={search_term_string}"},"query-input":{"@type":"PropertyValueSpecification","valueRequired":true,"valueName":"search_term_string"}}],"inLanguage":"en-GB"},{"@type":"Organization","@id":"https:\/\/aquarioparaiba.com.br\/#organization","name":"Para\u00edba Aquarium","url":"https:\/\/aquarioparaiba.com.br\/","logo":{"@type":"ImageObject","inLanguage":"en-GB","@id":"https:\/\/aquarioparaiba.com.br\/#\/schema\/logo\/image\/","url":"https:\/\/aquarioparaiba.com.br\/wp-content\/uploads\/2022\/12\/AQUARIOPARAIBA-LOGO-ICO.png","contentUrl":"https:\/\/aquarioparaiba.com.br\/wp-content\/uploads\/2022\/12\/AQUARIOPARAIBA-LOGO-ICO.png","width":365,"height":288,"caption":"Aquario Para\u00edba"},"image":{"@id":"https:\/\/aquarioparaiba.com.br\/#\/schema\/logo\/image\/"},"sameAs":["https:\/\/www.facebook.com\/aquarioparaiba","https:\/\/x.com\/aquarioparaiba_","https:\/\/www.instagram.com\/aquarioparaiba\/"]}]}},"_links":{"self":[{"href":"https:\/\/aquarioparaiba.com.br\/en\/wp-json\/wp\/v2\/pages\/505","targetHints":{"allow":["GET"]}}],"collection":[{"href":"https:\/\/aquarioparaiba.com.br\/en\/wp-json\/wp\/v2\/pages"}],"about":[{"href":"https:\/\/aquarioparaiba.com.br\/en\/wp-json\/wp\/v2\/types\/page"}],"author":[{"embeddable":true,"href":"https:\/\/aquarioparaiba.com.br\/en\/wp-json\/wp\/v2\/users\/1"}],"replies":[{"embeddable":true,"href":"https:\/\/aquarioparaiba.com.br\/en\/wp-json\/wp\/v2\/comments?post=505"}],"version-history":[{"count":9,"href":"https:\/\/aquarioparaiba.com.br\/en\/wp-json\/wp\/v2\/pages\/505\/revisions"}],"predecessor-version":[{"id":743,"href":"https:\/\/aquarioparaiba.com.br\/en\/wp-json\/wp\/v2\/pages\/505\/revisions\/743"}],"wp:featuredmedia":[{"embeddable":true,"href":"https:\/\/aquarioparaiba.com.br\/en\/wp-json\/wp\/v2\/media\/600"}],"wp:attachment":[{"href":"https:\/\/aquarioparaiba.com.br\/en\/wp-json\/wp\/v2\/media?parent=505"}],"curies":[{"name":"wp","href":"https:\/\/api.w.org\/{rel}","templated":true}]}}