{"id":460,"date":"2022-12-21T15:16:20","date_gmt":"2022-12-21T18:16:20","guid":{"rendered":"https:\/\/aquariopb.net-br.net\/?page_id=460"},"modified":"2023-02-01T14:50:57","modified_gmt":"2023-02-01T17:50:57","slug":"projetolixavivo","status":"publish","type":"page","link":"https:\/\/aquarioparaiba.com.br\/en\/projetolixavivo\/","title":{"rendered":"LIXA VIVO PROJECT"},"content":{"rendered":"<div data-elementor-type=\"wp-page\" data-elementor-id=\"460\" class=\"elementor elementor-460\">\n\t\t\t\t\t\t<section class=\"elementor-section elementor-top-section elementor-element elementor-element-5612ecdd elementor-section-boxed elementor-section-height-default elementor-section-height-default\" data-id=\"5612ecdd\" data-element_type=\"section\" data-e-type=\"section\">\n\t\t\t\t\t\t<div class=\"elementor-container elementor-column-gap-default\">\n\t\t\t\t\t<div class=\"elementor-column elementor-col-100 elementor-top-column elementor-element elementor-element-63182485\" data-id=\"63182485\" data-element_type=\"column\" data-e-type=\"column\">\n\t\t\t<div class=\"elementor-widget-wrap elementor-element-populated\">\n\t\t\t\t\t\t<div class=\"elementor-element elementor-element-603178e9 elementor-widget elementor-widget-text-editor\" data-id=\"603178e9\" data-element_type=\"widget\" data-e-type=\"widget\" data-widget_type=\"text-editor.default\">\n\t\t\t\t<div class=\"elementor-widget-container\">\n\t\t\t\t\t\t\t\t\t\n<p><strong>THE PROJECT<\/strong><\/p>\n\n\n\n<p>\u200bWith the support of the Botic\u00e1rio Group Foundation for Nature Support, the Lixa Vivo Project wants to find out how many sharks there are in Para\u00edba and where they are. By protecting this species, we are saving all the species around them and also the habitat they live in. Through research and non-destructive methods, we will point out the need for Marine Protected Areas in the State.<\/p>\n\n\n\n<p><\/p>\n\t\t\t\t\t\t\t\t<\/div>\n\t\t\t\t<\/div>\n\t\t\t\t<section class=\"elementor-section elementor-inner-section elementor-element elementor-element-be716b9 elementor-section-boxed elementor-section-height-default elementor-section-height-default\" data-id=\"be716b9\" data-element_type=\"section\" data-e-type=\"section\">\n\t\t\t\t\t\t<div class=\"elementor-container elementor-column-gap-default\">\n\t\t\t\t\t<div class=\"elementor-column elementor-col-50 elementor-inner-column elementor-element elementor-element-aecb3f2\" data-id=\"aecb3f2\" data-element_type=\"column\" data-e-type=\"column\">\n\t\t\t<div class=\"elementor-widget-wrap elementor-element-populated\">\n\t\t\t\t\t\t<div class=\"elementor-element elementor-element-9c3db82 elementor-widget elementor-widget-text-editor\" data-id=\"9c3db82\" data-element_type=\"widget\" data-e-type=\"widget\" data-widget_type=\"text-editor.default\">\n\t\t\t\t<div class=\"elementor-widget-container\">\n\t\t\t\t\t\t\t\t\t<div id=\"comp-j7oe424w\" class=\"_1Q9if _3bcaz\" data-scope=\"\" data-repeater-items-indexes=\"\" data-testid=\"richTextElement\" data-angle=\"0\" data-angle-style-location=\"style\" data-screen-in-hide=\"done\">\n<p class=\"font_8\">With a flattened body, it got its name because of the rough texture of the skin and the way it swims by crawling close to the bottom of the sea. Generally friendly and calm, with nocturnal habits, it spends most of the day motionless due to its ability to pump water through its gills and breathe even when not swimming.<\/p>\n<\/div>\n<div id=\"comp-j7oe8nbu\" class=\"_1Q9if _3bcaz\" data-scope=\"\" data-repeater-items-indexes=\"\" data-testid=\"richTextElement\" data-angle=\"0\" data-angle-style-location=\"style\" data-screen-in-hide=\"done\">\n<p class=\"font_8\">\u00a0<\/p>\n<\/div>\t\t\t\t\t\t\t\t<\/div>\n\t\t\t\t<\/div>\n\t\t\t\t\t<\/div>\n\t\t<\/div>\n\t\t\t\t<div class=\"elementor-column elementor-col-50 elementor-inner-column elementor-element elementor-element-74a6d92\" data-id=\"74a6d92\" data-element_type=\"column\" data-e-type=\"column\">\n\t\t\t<div class=\"elementor-widget-wrap elementor-element-populated\">\n\t\t\t\t\t\t<div class=\"elementor-element elementor-element-8891fbc elementor-widget elementor-widget-text-editor\" data-id=\"8891fbc\" data-element_type=\"widget\" data-e-type=\"widget\" data-widget_type=\"text-editor.default\">\n\t\t\t\t<div class=\"elementor-widget-container\">\n\t\t\t\t\t\t\t\t\t<p>When born, the young are about 30cm long, and are covered with black spots all over the body. Their teeth are adapted for suction feeding, meaning they don&#039;t need to tear food apart like most sharks do. They usually eat lobsters, small fish and even some rays.<\/p>\t\t\t\t\t\t\t\t<\/div>\n\t\t\t\t<\/div>\n\t\t\t\t\t<\/div>\n\t\t<\/div>\n\t\t\t\t\t<\/div>\n\t\t<\/section>\n\t\t\t\t\t<\/div>\n\t\t<\/div>\n\t\t\t\t\t<\/div>\n\t\t<\/section>\n\t\t\t\t<\/div>","protected":false},"excerpt":{"rendered":"<p>THE PROJECT \u200bWith the support of the Botic\u00e1rio Group Foundation for Nature Support, the Lixa Vivo Project wants to find out how many sharks there are in Para\u00edba and where they are. By protecting this species, we are saving all the species around them and also the habitat they live in. Through research and non-destructive methods, we will aim\u2026<\/p>","protected":false},"author":1,"featured_media":600,"parent":0,"menu_order":0,"comment_status":"closed","ping_status":"closed","template":"","meta":{"footnotes":""},"class_list":["post-460","page","type-page","status-publish","has-post-thumbnail","hentry"],"yoast_head":"<!-- This site is optimized with the Yoast SEO plugin v27.4 - https:\/\/yoast.com\/product\/yoast-seo-wordpress\/ -->\n<title>PROJETO LIXA VIVO - Aquario Para\u00edba<\/title>\n<meta name=\"robots\" content=\"index, follow, max-snippet:-1, max-image-preview:large, max-video-preview:-1\" \/>\n<link rel=\"canonical\" href=\"https:\/\/aquarioparaiba.com.br\/en\/projetolixavivo\/\" \/>\n<meta property=\"og:locale\" content=\"en_GB\" \/>\n<meta property=\"og:type\" content=\"article\" \/>\n<meta property=\"og:title\" content=\"PROJETO LIXA VIVO - Aquario Para\u00edba\" \/>\n<meta property=\"og:description\" content=\"O PROJETO \u200bCom o apoio da Funda\u00e7\u00e3o Grupo Botic\u00e1rio de Apoio \u00e0 Natureza, o Projeto Lixa Vivo quer descobrir quantos tubar\u00f5es existem na Para\u00edba e onde eles est\u00e3o. Protegendo essa esp\u00e9cie, estamos salvando todas as esp\u00e9cies ao seu redor e tamb\u00e9m o habitat em que elas vivem. Atrav\u00e9s de pesquisas e m\u00e9todos n\u00e3o-destrutivos, vamos apontar&hellip;\" \/>\n<meta property=\"og:url\" content=\"https:\/\/aquarioparaiba.com.br\/en\/projetolixavivo\/\" \/>\n<meta property=\"og:site_name\" content=\"Aquario Para\u00edba\" \/>\n<meta property=\"article:publisher\" content=\"https:\/\/www.facebook.com\/aquarioparaiba\" \/>\n<meta property=\"article:modified_time\" content=\"2023-02-01T17:50:57+00:00\" \/>\n<meta property=\"og:image\" content=\"https:\/\/aquarioparaiba.com.br\/wp-content\/uploads\/2023\/01\/tubarao-aquario-paraiba-lv.jpg\" \/>\n\t<meta property=\"og:image:width\" content=\"807\" \/>\n\t<meta property=\"og:image:height\" content=\"605\" \/>\n\t<meta property=\"og:image:type\" content=\"image\/jpeg\" \/>\n<meta name=\"twitter:card\" content=\"summary_large_image\" \/>\n<meta name=\"twitter:site\" content=\"@aquarioparaiba_\" \/>\n<meta name=\"twitter:label1\" content=\"Estimated reading time\" \/>\n\t<meta name=\"twitter:data1\" content=\"1 minute\" \/>\n<script type=\"application\/ld+json\" class=\"yoast-schema-graph\">{\"@context\":\"https:\\\/\\\/schema.org\",\"@graph\":[{\"@type\":\"WebPage\",\"@id\":\"https:\\\/\\\/aquarioparaiba.com.br\\\/projetolixavivo\\\/\",\"url\":\"https:\\\/\\\/aquarioparaiba.com.br\\\/projetolixavivo\\\/\",\"name\":\"PROJETO LIXA VIVO - Aquario Para\u00edba\",\"isPartOf\":{\"@id\":\"https:\\\/\\\/aquarioparaiba.com.br\\\/#website\"},\"primaryImageOfPage\":{\"@id\":\"https:\\\/\\\/aquarioparaiba.com.br\\\/projetolixavivo\\\/#primaryimage\"},\"image\":{\"@id\":\"https:\\\/\\\/aquarioparaiba.com.br\\\/projetolixavivo\\\/#primaryimage\"},\"thumbnailUrl\":\"https:\\\/\\\/aquarioparaiba.com.br\\\/wp-content\\\/uploads\\\/2023\\\/01\\\/tubarao-aquario-paraiba-lv.jpg\",\"datePublished\":\"2022-12-21T18:16:20+00:00\",\"dateModified\":\"2023-02-01T17:50:57+00:00\",\"breadcrumb\":{\"@id\":\"https:\\\/\\\/aquarioparaiba.com.br\\\/projetolixavivo\\\/#breadcrumb\"},\"inLanguage\":\"en-GB\",\"potentialAction\":[{\"@type\":\"ReadAction\",\"target\":[\"https:\\\/\\\/aquarioparaiba.com.br\\\/projetolixavivo\\\/\"]}]},{\"@type\":\"ImageObject\",\"inLanguage\":\"en-GB\",\"@id\":\"https:\\\/\\\/aquarioparaiba.com.br\\\/projetolixavivo\\\/#primaryimage\",\"url\":\"https:\\\/\\\/aquarioparaiba.com.br\\\/wp-content\\\/uploads\\\/2023\\\/01\\\/tubarao-aquario-paraiba-lv.jpg\",\"contentUrl\":\"https:\\\/\\\/aquarioparaiba.com.br\\\/wp-content\\\/uploads\\\/2023\\\/01\\\/tubarao-aquario-paraiba-lv.jpg\",\"width\":807,\"height\":605},{\"@type\":\"BreadcrumbList\",\"@id\":\"https:\\\/\\\/aquarioparaiba.com.br\\\/projetolixavivo\\\/#breadcrumb\",\"itemListElement\":[{\"@type\":\"ListItem\",\"position\":1,\"name\":\"In\u00edcio\",\"item\":\"https:\\\/\\\/aquarioparaiba.com.br\\\/\"},{\"@type\":\"ListItem\",\"position\":2,\"name\":\"PROJETO LIXA VIVO\"}]},{\"@type\":\"WebSite\",\"@id\":\"https:\\\/\\\/aquarioparaiba.com.br\\\/#website\",\"url\":\"https:\\\/\\\/aquarioparaiba.com.br\\\/\",\"name\":\"Aquario Para\u00edba\",\"description\":\"Escute o chamado da Natureza!\",\"publisher\":{\"@id\":\"https:\\\/\\\/aquarioparaiba.com.br\\\/#organization\"},\"potentialAction\":[{\"@type\":\"SearchAction\",\"target\":{\"@type\":\"EntryPoint\",\"urlTemplate\":\"https:\\\/\\\/aquarioparaiba.com.br\\\/?s={search_term_string}\"},\"query-input\":{\"@type\":\"PropertyValueSpecification\",\"valueRequired\":true,\"valueName\":\"search_term_string\"}}],\"inLanguage\":\"en-GB\"},{\"@type\":\"Organization\",\"@id\":\"https:\\\/\\\/aquarioparaiba.com.br\\\/#organization\",\"name\":\"Aquario Para\u00edba\",\"url\":\"https:\\\/\\\/aquarioparaiba.com.br\\\/\",\"logo\":{\"@type\":\"ImageObject\",\"inLanguage\":\"en-GB\",\"@id\":\"https:\\\/\\\/aquarioparaiba.com.br\\\/#\\\/schema\\\/logo\\\/image\\\/\",\"url\":\"https:\\\/\\\/aquarioparaiba.com.br\\\/wp-content\\\/uploads\\\/2022\\\/12\\\/AQUARIOPARAIBA-LOGO-ICO.png\",\"contentUrl\":\"https:\\\/\\\/aquarioparaiba.com.br\\\/wp-content\\\/uploads\\\/2022\\\/12\\\/AQUARIOPARAIBA-LOGO-ICO.png\",\"width\":365,\"height\":288,\"caption\":\"Aquario Para\u00edba\"},\"image\":{\"@id\":\"https:\\\/\\\/aquarioparaiba.com.br\\\/#\\\/schema\\\/logo\\\/image\\\/\"},\"sameAs\":[\"https:\\\/\\\/www.facebook.com\\\/aquarioparaiba\",\"https:\\\/\\\/x.com\\\/aquarioparaiba_\",\"https:\\\/\\\/www.instagram.com\\\/aquarioparaiba\\\/\"]}]}<\/script>\n<!-- \/ Yoast SEO plugin. -->","yoast_head_json":{"title":"LIVING SANDPAPER PROJECT - Para\u00edba Aquarium","robots":{"index":"index","follow":"follow","max-snippet":"max-snippet:-1","max-image-preview":"max-image-preview:large","max-video-preview":"max-video-preview:-1"},"canonical":"https:\/\/aquarioparaiba.com.br\/en\/projetolixavivo\/","og_locale":"en_GB","og_type":"article","og_title":"PROJETO LIXA VIVO - Aquario Para\u00edba","og_description":"O PROJETO \u200bCom o apoio da Funda\u00e7\u00e3o Grupo Botic\u00e1rio de Apoio \u00e0 Natureza, o Projeto Lixa Vivo quer descobrir quantos tubar\u00f5es existem na Para\u00edba e onde eles est\u00e3o. Protegendo essa esp\u00e9cie, estamos salvando todas as esp\u00e9cies ao seu redor e tamb\u00e9m o habitat em que elas vivem. Atrav\u00e9s de pesquisas e m\u00e9todos n\u00e3o-destrutivos, vamos apontar&hellip;","og_url":"https:\/\/aquarioparaiba.com.br\/en\/projetolixavivo\/","og_site_name":"Aquario Para\u00edba","article_publisher":"https:\/\/www.facebook.com\/aquarioparaiba","article_modified_time":"2023-02-01T17:50:57+00:00","og_image":[{"width":807,"height":605,"url":"https:\/\/aquarioparaiba.com.br\/wp-content\/uploads\/2023\/01\/tubarao-aquario-paraiba-lv.jpg","type":"image\/jpeg"}],"twitter_card":"summary_large_image","twitter_site":"@aquarioparaiba_","twitter_misc":{"Estimated reading time":"1 minute"},"schema":{"@context":"https:\/\/schema.org","@graph":[{"@type":"WebPage","@id":"https:\/\/aquarioparaiba.com.br\/projetolixavivo\/","url":"https:\/\/aquarioparaiba.com.br\/projetolixavivo\/","name":"LIVING SANDPAPER PROJECT - Para\u00edba Aquarium","isPartOf":{"@id":"https:\/\/aquarioparaiba.com.br\/#website"},"primaryImageOfPage":{"@id":"https:\/\/aquarioparaiba.com.br\/projetolixavivo\/#primaryimage"},"image":{"@id":"https:\/\/aquarioparaiba.com.br\/projetolixavivo\/#primaryimage"},"thumbnailUrl":"https:\/\/aquarioparaiba.com.br\/wp-content\/uploads\/2023\/01\/tubarao-aquario-paraiba-lv.jpg","datePublished":"2022-12-21T18:16:20+00:00","dateModified":"2023-02-01T17:50:57+00:00","breadcrumb":{"@id":"https:\/\/aquarioparaiba.com.br\/projetolixavivo\/#breadcrumb"},"inLanguage":"en-GB","potentialAction":[{"@type":"ReadAction","target":["https:\/\/aquarioparaiba.com.br\/projetolixavivo\/"]}]},{"@type":"ImageObject","inLanguage":"en-GB","@id":"https:\/\/aquarioparaiba.com.br\/projetolixavivo\/#primaryimage","url":"https:\/\/aquarioparaiba.com.br\/wp-content\/uploads\/2023\/01\/tubarao-aquario-paraiba-lv.jpg","contentUrl":"https:\/\/aquarioparaiba.com.br\/wp-content\/uploads\/2023\/01\/tubarao-aquario-paraiba-lv.jpg","width":807,"height":605},{"@type":"BreadcrumbList","@id":"https:\/\/aquarioparaiba.com.br\/projetolixavivo\/#breadcrumb","itemListElement":[{"@type":"ListItem","position":1,"name":"In\u00edcio","item":"https:\/\/aquarioparaiba.com.br\/"},{"@type":"ListItem","position":2,"name":"PROJETO LIXA VIVO"}]},{"@type":"WebSite","@id":"https:\/\/aquarioparaiba.com.br\/#website","url":"https:\/\/aquarioparaiba.com.br\/","name":"Para\u00edba Aquarium","description":"Hear the call of Nature!","publisher":{"@id":"https:\/\/aquarioparaiba.com.br\/#organization"},"potentialAction":[{"@type":"SearchAction","target":{"@type":"EntryPoint","urlTemplate":"https:\/\/aquarioparaiba.com.br\/?s={search_term_string}"},"query-input":{"@type":"PropertyValueSpecification","valueRequired":true,"valueName":"search_term_string"}}],"inLanguage":"en-GB"},{"@type":"Organization","@id":"https:\/\/aquarioparaiba.com.br\/#organization","name":"Para\u00edba Aquarium","url":"https:\/\/aquarioparaiba.com.br\/","logo":{"@type":"ImageObject","inLanguage":"en-GB","@id":"https:\/\/aquarioparaiba.com.br\/#\/schema\/logo\/image\/","url":"https:\/\/aquarioparaiba.com.br\/wp-content\/uploads\/2022\/12\/AQUARIOPARAIBA-LOGO-ICO.png","contentUrl":"https:\/\/aquarioparaiba.com.br\/wp-content\/uploads\/2022\/12\/AQUARIOPARAIBA-LOGO-ICO.png","width":365,"height":288,"caption":"Aquario Para\u00edba"},"image":{"@id":"https:\/\/aquarioparaiba.com.br\/#\/schema\/logo\/image\/"},"sameAs":["https:\/\/www.facebook.com\/aquarioparaiba","https:\/\/x.com\/aquarioparaiba_","https:\/\/www.instagram.com\/aquarioparaiba\/"]}]}},"_links":{"self":[{"href":"https:\/\/aquarioparaiba.com.br\/en\/wp-json\/wp\/v2\/pages\/460","targetHints":{"allow":["GET"]}}],"collection":[{"href":"https:\/\/aquarioparaiba.com.br\/en\/wp-json\/wp\/v2\/pages"}],"about":[{"href":"https:\/\/aquarioparaiba.com.br\/en\/wp-json\/wp\/v2\/types\/page"}],"author":[{"embeddable":true,"href":"https:\/\/aquarioparaiba.com.br\/en\/wp-json\/wp\/v2\/users\/1"}],"replies":[{"embeddable":true,"href":"https:\/\/aquarioparaiba.com.br\/en\/wp-json\/wp\/v2\/comments?post=460"}],"version-history":[{"count":8,"href":"https:\/\/aquarioparaiba.com.br\/en\/wp-json\/wp\/v2\/pages\/460\/revisions"}],"predecessor-version":[{"id":622,"href":"https:\/\/aquarioparaiba.com.br\/en\/wp-json\/wp\/v2\/pages\/460\/revisions\/622"}],"wp:featuredmedia":[{"embeddable":true,"href":"https:\/\/aquarioparaiba.com.br\/en\/wp-json\/wp\/v2\/media\/600"}],"wp:attachment":[{"href":"https:\/\/aquarioparaiba.com.br\/en\/wp-json\/wp\/v2\/media?parent=460"}],"curies":[{"name":"wp","href":"https:\/\/api.w.org\/{rel}","templated":true}]}}