{"id":452,"date":"2022-12-21T14:47:02","date_gmt":"2022-12-21T17:47:02","guid":{"rendered":"https:\/\/aquariopb.net-br.net\/?page_id=452"},"modified":"2022-12-21T15:48:32","modified_gmt":"2022-12-21T18:48:32","slug":"doacoes","status":"publish","type":"page","link":"https:\/\/aquarioparaiba.com.br\/en\/doacoes\/","title":{"rendered":"donations"},"content":{"rendered":"<p>At this time, you can help us to continue our environmental conservation activities. Even with open doors, our costs are very high with energy, food, maintenance of animals and the rehabilitation of sick animals, in addition to research and projects developed by Aqu\u00e1rio Para\u00edba.<\/p>\n\n\n\n<p>\u200bYou can make a difference and DONATE ANY AMOUNT.<\/p>\n\n\n\n<p><strong>HE COUNTS<\/strong><\/p>\n\n\n\n<p><strong>Santander Bank<\/strong><\/p>\n\n\n\n<ul class=\"wp-block-list\">\n<li><strong>Agency: <\/strong>2301 \u2013 <strong>Checking Account:<\/strong> 13000289-9<\/li>\n\n\n\n<li>SEA SERVIN COMERCIO SERVI\u00c7OS E PROJETOS LTDA<\/li>\n\n\n\n<li>CNPJ: 15.667.265\/0001-15<\/li>\n<\/ul>\n\n\n\n<div class=\"wp-block-buttons is-layout-flex wp-block-buttons-is-layout-flex\">\n<div class=\"wp-block-button\"><a class=\"wp-block-button__link wp-element-button\" href=\"https:\/\/www.paypal.com\/cgi-bin\/webscr?cmd=_s-xclick&amp;hosted_button_id=SD8FTK2FJEM2N&amp;source=url\" target=\"_blank\" rel=\"noreferrer noopener\">Donation (Paypal)<\/a><\/div>\n<\/div>","protected":false},"excerpt":{"rendered":"<p>At this time, you can help us to continue our environmental conservation activities. Even with open doors, our costs are very high with energy, food, maintenance of animals and the rehabilitation of sick animals, in addition to research and projects developed by Aqu\u00e1rio Para\u00edba. \u200bYou can make a difference and DONATE ANY AMOUNT. ACCOUNT BANK\u2026<\/p>","protected":false},"author":1,"featured_media":321,"parent":0,"menu_order":0,"comment_status":"closed","ping_status":"closed","template":"","meta":{"footnotes":""},"class_list":["post-452","page","type-page","status-publish","has-post-thumbnail","hentry"],"yoast_head":"<!-- This site is optimized with the Yoast SEO plugin v27.6 - https:\/\/yoast.com\/product\/yoast-seo-wordpress\/ -->\n<title>Doa\u00e7\u00f5es - Aquario Para\u00edba<\/title>\n<meta name=\"robots\" content=\"index, follow, max-snippet:-1, max-image-preview:large, max-video-preview:-1\" \/>\n<link rel=\"canonical\" href=\"https:\/\/aquarioparaiba.com.br\/en\/doacoes\/\" \/>\n<meta property=\"og:locale\" content=\"en_GB\" \/>\n<meta property=\"og:type\" content=\"article\" \/>\n<meta property=\"og:title\" content=\"Doa\u00e7\u00f5es - Aquario Para\u00edba\" \/>\n<meta property=\"og:description\" content=\"Neste momento voc\u00ea pode nos ajudar a continuar as atividades de conserva\u00e7\u00e3o ambiental. Mesmo com portas abertas, nossos custos s\u00e3o muito altos com energia, alimenta\u00e7\u00e3o, manuten\u00e7\u00e3o dos animais e a reabilita\u00e7\u00e3o dos animais doentes, al\u00e9m das pesquisas e dos projetos desenvolvidos pelo Aqu\u00e1rio Para\u00edba. \u200bVoc\u00ea pode fazer a diferen\u00e7a e DOAR QUALQUER VALOR. CONTA Banco&hellip;\" \/>\n<meta property=\"og:url\" content=\"https:\/\/aquarioparaiba.com.br\/en\/doacoes\/\" \/>\n<meta property=\"og:site_name\" content=\"Aquario Para\u00edba\" \/>\n<meta property=\"article:publisher\" content=\"https:\/\/www.facebook.com\/aquarioparaiba\" \/>\n<meta property=\"article:modified_time\" content=\"2022-12-21T18:48:32+00:00\" \/>\n<meta property=\"og:image\" content=\"https:\/\/aquarioparaiba.com.br\/wp-content\/uploads\/2022\/12\/mar-de-aventura.jpg\" \/>\n\t<meta property=\"og:image:width\" content=\"2362\" \/>\n\t<meta property=\"og:image:height\" content=\"787\" \/>\n\t<meta property=\"og:image:type\" content=\"image\/jpeg\" \/>\n<meta name=\"twitter:card\" content=\"summary_large_image\" \/>\n<meta name=\"twitter:site\" content=\"@aquarioparaiba_\" \/>\n<meta name=\"twitter:label1\" content=\"Estimated reading time\" \/>\n\t<meta name=\"twitter:data1\" content=\"1 minute\" \/>\n<script type=\"application\/ld+json\" class=\"yoast-schema-graph\">{\"@context\":\"https:\\\/\\\/schema.org\",\"@graph\":[{\"@type\":\"WebPage\",\"@id\":\"https:\\\/\\\/aquarioparaiba.com.br\\\/doacoes\\\/\",\"url\":\"https:\\\/\\\/aquarioparaiba.com.br\\\/doacoes\\\/\",\"name\":\"Doa\u00e7\u00f5es - Aquario Para\u00edba\",\"isPartOf\":{\"@id\":\"https:\\\/\\\/aquarioparaiba.com.br\\\/#website\"},\"primaryImageOfPage\":{\"@id\":\"https:\\\/\\\/aquarioparaiba.com.br\\\/doacoes\\\/#primaryimage\"},\"image\":{\"@id\":\"https:\\\/\\\/aquarioparaiba.com.br\\\/doacoes\\\/#primaryimage\"},\"thumbnailUrl\":\"https:\\\/\\\/aquarioparaiba.com.br\\\/wp-content\\\/uploads\\\/2022\\\/12\\\/mar-de-aventura.jpg\",\"datePublished\":\"2022-12-21T17:47:02+00:00\",\"dateModified\":\"2022-12-21T18:48:32+00:00\",\"breadcrumb\":{\"@id\":\"https:\\\/\\\/aquarioparaiba.com.br\\\/doacoes\\\/#breadcrumb\"},\"inLanguage\":\"en-GB\",\"potentialAction\":[{\"@type\":\"ReadAction\",\"target\":[\"https:\\\/\\\/aquarioparaiba.com.br\\\/doacoes\\\/\"]}]},{\"@type\":\"ImageObject\",\"inLanguage\":\"en-GB\",\"@id\":\"https:\\\/\\\/aquarioparaiba.com.br\\\/doacoes\\\/#primaryimage\",\"url\":\"https:\\\/\\\/aquarioparaiba.com.br\\\/wp-content\\\/uploads\\\/2022\\\/12\\\/mar-de-aventura.jpg\",\"contentUrl\":\"https:\\\/\\\/aquarioparaiba.com.br\\\/wp-content\\\/uploads\\\/2022\\\/12\\\/mar-de-aventura.jpg\",\"width\":2362,\"height\":787},{\"@type\":\"BreadcrumbList\",\"@id\":\"https:\\\/\\\/aquarioparaiba.com.br\\\/doacoes\\\/#breadcrumb\",\"itemListElement\":[{\"@type\":\"ListItem\",\"position\":1,\"name\":\"In\u00edcio\",\"item\":\"https:\\\/\\\/aquarioparaiba.com.br\\\/\"},{\"@type\":\"ListItem\",\"position\":2,\"name\":\"Doa\u00e7\u00f5es\"}]},{\"@type\":\"WebSite\",\"@id\":\"https:\\\/\\\/aquarioparaiba.com.br\\\/#website\",\"url\":\"https:\\\/\\\/aquarioparaiba.com.br\\\/\",\"name\":\"Aquario Para\u00edba\",\"description\":\"Escute o chamado da Natureza!\",\"publisher\":{\"@id\":\"https:\\\/\\\/aquarioparaiba.com.br\\\/#organization\"},\"potentialAction\":[{\"@type\":\"SearchAction\",\"target\":{\"@type\":\"EntryPoint\",\"urlTemplate\":\"https:\\\/\\\/aquarioparaiba.com.br\\\/?s={search_term_string}\"},\"query-input\":{\"@type\":\"PropertyValueSpecification\",\"valueRequired\":true,\"valueName\":\"search_term_string\"}}],\"inLanguage\":\"en-GB\"},{\"@type\":\"Organization\",\"@id\":\"https:\\\/\\\/aquarioparaiba.com.br\\\/#organization\",\"name\":\"Aquario Para\u00edba\",\"url\":\"https:\\\/\\\/aquarioparaiba.com.br\\\/\",\"logo\":{\"@type\":\"ImageObject\",\"inLanguage\":\"en-GB\",\"@id\":\"https:\\\/\\\/aquarioparaiba.com.br\\\/#\\\/schema\\\/logo\\\/image\\\/\",\"url\":\"https:\\\/\\\/aquarioparaiba.com.br\\\/wp-content\\\/uploads\\\/2022\\\/12\\\/AQUARIOPARAIBA-LOGO-ICO.png\",\"contentUrl\":\"https:\\\/\\\/aquarioparaiba.com.br\\\/wp-content\\\/uploads\\\/2022\\\/12\\\/AQUARIOPARAIBA-LOGO-ICO.png\",\"width\":365,\"height\":288,\"caption\":\"Aquario Para\u00edba\"},\"image\":{\"@id\":\"https:\\\/\\\/aquarioparaiba.com.br\\\/#\\\/schema\\\/logo\\\/image\\\/\"},\"sameAs\":[\"https:\\\/\\\/www.facebook.com\\\/aquarioparaiba\",\"https:\\\/\\\/x.com\\\/aquarioparaiba_\",\"https:\\\/\\\/www.instagram.com\\\/aquarioparaiba\\\/\"]}]}<\/script>\n<!-- \/ Yoast SEO plugin. -->","yoast_head_json":{"title":"Donations - Para\u00edba Aquarium","robots":{"index":"index","follow":"follow","max-snippet":"max-snippet:-1","max-image-preview":"max-image-preview:large","max-video-preview":"max-video-preview:-1"},"canonical":"https:\/\/aquarioparaiba.com.br\/en\/doacoes\/","og_locale":"en_GB","og_type":"article","og_title":"Doa\u00e7\u00f5es - Aquario Para\u00edba","og_description":"Neste momento voc\u00ea pode nos ajudar a continuar as atividades de conserva\u00e7\u00e3o ambiental. Mesmo com portas abertas, nossos custos s\u00e3o muito altos com energia, alimenta\u00e7\u00e3o, manuten\u00e7\u00e3o dos animais e a reabilita\u00e7\u00e3o dos animais doentes, al\u00e9m das pesquisas e dos projetos desenvolvidos pelo Aqu\u00e1rio Para\u00edba. \u200bVoc\u00ea pode fazer a diferen\u00e7a e DOAR QUALQUER VALOR. CONTA Banco&hellip;","og_url":"https:\/\/aquarioparaiba.com.br\/en\/doacoes\/","og_site_name":"Aquario Para\u00edba","article_publisher":"https:\/\/www.facebook.com\/aquarioparaiba","article_modified_time":"2022-12-21T18:48:32+00:00","og_image":[{"width":2362,"height":787,"url":"https:\/\/aquarioparaiba.com.br\/wp-content\/uploads\/2022\/12\/mar-de-aventura.jpg","type":"image\/jpeg"}],"twitter_card":"summary_large_image","twitter_site":"@aquarioparaiba_","twitter_misc":{"Estimated reading time":"1 minute"},"schema":{"@context":"https:\/\/schema.org","@graph":[{"@type":"WebPage","@id":"https:\/\/aquarioparaiba.com.br\/doacoes\/","url":"https:\/\/aquarioparaiba.com.br\/doacoes\/","name":"Donations - Para\u00edba Aquarium","isPartOf":{"@id":"https:\/\/aquarioparaiba.com.br\/#website"},"primaryImageOfPage":{"@id":"https:\/\/aquarioparaiba.com.br\/doacoes\/#primaryimage"},"image":{"@id":"https:\/\/aquarioparaiba.com.br\/doacoes\/#primaryimage"},"thumbnailUrl":"https:\/\/aquarioparaiba.com.br\/wp-content\/uploads\/2022\/12\/mar-de-aventura.jpg","datePublished":"2022-12-21T17:47:02+00:00","dateModified":"2022-12-21T18:48:32+00:00","breadcrumb":{"@id":"https:\/\/aquarioparaiba.com.br\/doacoes\/#breadcrumb"},"inLanguage":"en-GB","potentialAction":[{"@type":"ReadAction","target":["https:\/\/aquarioparaiba.com.br\/doacoes\/"]}]},{"@type":"ImageObject","inLanguage":"en-GB","@id":"https:\/\/aquarioparaiba.com.br\/doacoes\/#primaryimage","url":"https:\/\/aquarioparaiba.com.br\/wp-content\/uploads\/2022\/12\/mar-de-aventura.jpg","contentUrl":"https:\/\/aquarioparaiba.com.br\/wp-content\/uploads\/2022\/12\/mar-de-aventura.jpg","width":2362,"height":787},{"@type":"BreadcrumbList","@id":"https:\/\/aquarioparaiba.com.br\/doacoes\/#breadcrumb","itemListElement":[{"@type":"ListItem","position":1,"name":"In\u00edcio","item":"https:\/\/aquarioparaiba.com.br\/"},{"@type":"ListItem","position":2,"name":"Doa\u00e7\u00f5es"}]},{"@type":"WebSite","@id":"https:\/\/aquarioparaiba.com.br\/#website","url":"https:\/\/aquarioparaiba.com.br\/","name":"Para\u00edba Aquarium","description":"Hear the call of Nature!","publisher":{"@id":"https:\/\/aquarioparaiba.com.br\/#organization"},"potentialAction":[{"@type":"SearchAction","target":{"@type":"EntryPoint","urlTemplate":"https:\/\/aquarioparaiba.com.br\/?s={search_term_string}"},"query-input":{"@type":"PropertyValueSpecification","valueRequired":true,"valueName":"search_term_string"}}],"inLanguage":"en-GB"},{"@type":"Organization","@id":"https:\/\/aquarioparaiba.com.br\/#organization","name":"Para\u00edba Aquarium","url":"https:\/\/aquarioparaiba.com.br\/","logo":{"@type":"ImageObject","inLanguage":"en-GB","@id":"https:\/\/aquarioparaiba.com.br\/#\/schema\/logo\/image\/","url":"https:\/\/aquarioparaiba.com.br\/wp-content\/uploads\/2022\/12\/AQUARIOPARAIBA-LOGO-ICO.png","contentUrl":"https:\/\/aquarioparaiba.com.br\/wp-content\/uploads\/2022\/12\/AQUARIOPARAIBA-LOGO-ICO.png","width":365,"height":288,"caption":"Aquario Para\u00edba"},"image":{"@id":"https:\/\/aquarioparaiba.com.br\/#\/schema\/logo\/image\/"},"sameAs":["https:\/\/www.facebook.com\/aquarioparaiba","https:\/\/x.com\/aquarioparaiba_","https:\/\/www.instagram.com\/aquarioparaiba\/"]}]}},"_links":{"self":[{"href":"https:\/\/aquarioparaiba.com.br\/en\/wp-json\/wp\/v2\/pages\/452","targetHints":{"allow":["GET"]}}],"collection":[{"href":"https:\/\/aquarioparaiba.com.br\/en\/wp-json\/wp\/v2\/pages"}],"about":[{"href":"https:\/\/aquarioparaiba.com.br\/en\/wp-json\/wp\/v2\/types\/page"}],"author":[{"embeddable":true,"href":"https:\/\/aquarioparaiba.com.br\/en\/wp-json\/wp\/v2\/users\/1"}],"replies":[{"embeddable":true,"href":"https:\/\/aquarioparaiba.com.br\/en\/wp-json\/wp\/v2\/comments?post=452"}],"version-history":[{"count":3,"href":"https:\/\/aquarioparaiba.com.br\/en\/wp-json\/wp\/v2\/pages\/452\/revisions"}],"predecessor-version":[{"id":457,"href":"https:\/\/aquarioparaiba.com.br\/en\/wp-json\/wp\/v2\/pages\/452\/revisions\/457"}],"wp:featuredmedia":[{"embeddable":true,"href":"https:\/\/aquarioparaiba.com.br\/en\/wp-json\/wp\/v2\/media\/321"}],"wp:attachment":[{"href":"https:\/\/aquarioparaiba.com.br\/en\/wp-json\/wp\/v2\/media?parent=452"}],"curies":[{"name":"wp","href":"https:\/\/api.w.org\/{rel}","templated":true}]}}