{"id":451,"date":"2022-12-21T14:44:35","date_gmt":"2022-12-21T17:44:35","guid":{"rendered":"https:\/\/aquariopb.net-br.net\/?page_id=451"},"modified":"2023-01-08T22:08:17","modified_gmt":"2023-01-09T01:08:17","slug":"cerem","status":"publish","type":"page","link":"https:\/\/aquarioparaiba.com.br\/en\/cerem\/","title":{"rendered":"CEREM"},"content":{"rendered":"<p>The Para\u00edba Aquarium plays an important role in the conservation of endangered species through breeding programs in a controlled environment and in environmental education, showing the importance of species and the role they play in nature. We also seek, through scientific research, to increase our knowledge of animals.<\/p>\n\n\n\n<p>In addition to Environmental Education, Aqu\u00e1rio Para\u00edba considers inseparable from the activity of an aquarium \u2013 of a zoological nature \u2013 an effective contribution, direct and\/or indirect, to the Conservation of Nature.<\/p>\n\n\n\n<p>Since its creation, the Para\u00edba Aquarium has sought to actively participate in the field of conservation of aquatic life, its species and its habitats.<\/p>\n\n\n\n<p><\/p>","protected":false},"excerpt":{"rendered":"<p>The Para\u00edba Aquarium plays an important role in the conservation of endangered species through breeding programs in a controlled environment and in environmental education, showing the importance of species and the role they play in nature. We also seek, through scientific research, to increase our knowledge of animals. In addition to Environmental Education, the Aquarium\u2026<\/p>","protected":false},"author":1,"featured_media":600,"parent":0,"menu_order":0,"comment_status":"closed","ping_status":"closed","template":"","meta":{"footnotes":""},"class_list":["post-451","page","type-page","status-publish","has-post-thumbnail","hentry"],"yoast_head":"<!-- This site is optimized with the Yoast SEO plugin v27.5 - https:\/\/yoast.com\/product\/yoast-seo-wordpress\/ -->\n<title>CEREM - Aquario Para\u00edba<\/title>\n<meta name=\"robots\" content=\"index, follow, max-snippet:-1, max-image-preview:large, max-video-preview:-1\" \/>\n<link rel=\"canonical\" href=\"https:\/\/aquarioparaiba.com.br\/en\/cerem\/\" \/>\n<meta property=\"og:locale\" content=\"en_GB\" \/>\n<meta property=\"og:type\" content=\"article\" \/>\n<meta property=\"og:title\" content=\"CEREM - Aquario Para\u00edba\" \/>\n<meta property=\"og:description\" content=\"O Aqu\u00e1rio Para\u00edba tem um papel importante na conserva\u00e7\u00e3o de esp\u00e9cies amea\u00e7adas por meio de programas de reprodu\u00e7\u00e3o em ambiente controlado e na educa\u00e7\u00e3o ambiental, mostrando a import\u00e2ncia das esp\u00e9cies e o papel que desempenham na natureza. Tamb\u00e9m procuramos, atrav\u00e9s de pesquisas cient\u00edficas,aumentar o nosso conhecimento sobre os animais. Al\u00e9m da Educa\u00e7\u00e3o Ambiental, o Aqu\u00e1rio&hellip;\" \/>\n<meta property=\"og:url\" content=\"https:\/\/aquarioparaiba.com.br\/en\/cerem\/\" \/>\n<meta property=\"og:site_name\" content=\"Aquario Para\u00edba\" \/>\n<meta property=\"article:publisher\" content=\"https:\/\/www.facebook.com\/aquarioparaiba\" \/>\n<meta property=\"article:modified_time\" content=\"2023-01-09T01:08:17+00:00\" \/>\n<meta property=\"og:image\" content=\"https:\/\/aquarioparaiba.com.br\/wp-content\/uploads\/2023\/01\/tubarao-aquario-paraiba-lv.jpg\" \/>\n\t<meta property=\"og:image:width\" content=\"807\" \/>\n\t<meta property=\"og:image:height\" content=\"605\" \/>\n\t<meta property=\"og:image:type\" content=\"image\/jpeg\" \/>\n<meta name=\"twitter:card\" content=\"summary_large_image\" \/>\n<meta name=\"twitter:site\" content=\"@aquarioparaiba_\" \/>\n<meta name=\"twitter:label1\" content=\"Estimated reading time\" \/>\n\t<meta name=\"twitter:data1\" content=\"1 minute\" \/>\n<script type=\"application\/ld+json\" class=\"yoast-schema-graph\">{\"@context\":\"https:\\\/\\\/schema.org\",\"@graph\":[{\"@type\":\"WebPage\",\"@id\":\"https:\\\/\\\/aquarioparaiba.com.br\\\/cerem\\\/\",\"url\":\"https:\\\/\\\/aquarioparaiba.com.br\\\/cerem\\\/\",\"name\":\"CEREM - Aquario Para\u00edba\",\"isPartOf\":{\"@id\":\"https:\\\/\\\/aquarioparaiba.com.br\\\/#website\"},\"primaryImageOfPage\":{\"@id\":\"https:\\\/\\\/aquarioparaiba.com.br\\\/cerem\\\/#primaryimage\"},\"image\":{\"@id\":\"https:\\\/\\\/aquarioparaiba.com.br\\\/cerem\\\/#primaryimage\"},\"thumbnailUrl\":\"https:\\\/\\\/aquarioparaiba.com.br\\\/wp-content\\\/uploads\\\/2023\\\/01\\\/tubarao-aquario-paraiba-lv.jpg\",\"datePublished\":\"2022-12-21T17:44:35+00:00\",\"dateModified\":\"2023-01-09T01:08:17+00:00\",\"breadcrumb\":{\"@id\":\"https:\\\/\\\/aquarioparaiba.com.br\\\/cerem\\\/#breadcrumb\"},\"inLanguage\":\"en-GB\",\"potentialAction\":[{\"@type\":\"ReadAction\",\"target\":[\"https:\\\/\\\/aquarioparaiba.com.br\\\/cerem\\\/\"]}]},{\"@type\":\"ImageObject\",\"inLanguage\":\"en-GB\",\"@id\":\"https:\\\/\\\/aquarioparaiba.com.br\\\/cerem\\\/#primaryimage\",\"url\":\"https:\\\/\\\/aquarioparaiba.com.br\\\/wp-content\\\/uploads\\\/2023\\\/01\\\/tubarao-aquario-paraiba-lv.jpg\",\"contentUrl\":\"https:\\\/\\\/aquarioparaiba.com.br\\\/wp-content\\\/uploads\\\/2023\\\/01\\\/tubarao-aquario-paraiba-lv.jpg\",\"width\":807,\"height\":605},{\"@type\":\"BreadcrumbList\",\"@id\":\"https:\\\/\\\/aquarioparaiba.com.br\\\/cerem\\\/#breadcrumb\",\"itemListElement\":[{\"@type\":\"ListItem\",\"position\":1,\"name\":\"In\u00edcio\",\"item\":\"https:\\\/\\\/aquarioparaiba.com.br\\\/\"},{\"@type\":\"ListItem\",\"position\":2,\"name\":\"CEREM\"}]},{\"@type\":\"WebSite\",\"@id\":\"https:\\\/\\\/aquarioparaiba.com.br\\\/#website\",\"url\":\"https:\\\/\\\/aquarioparaiba.com.br\\\/\",\"name\":\"Aquario Para\u00edba\",\"description\":\"Escute o chamado da Natureza!\",\"publisher\":{\"@id\":\"https:\\\/\\\/aquarioparaiba.com.br\\\/#organization\"},\"potentialAction\":[{\"@type\":\"SearchAction\",\"target\":{\"@type\":\"EntryPoint\",\"urlTemplate\":\"https:\\\/\\\/aquarioparaiba.com.br\\\/?s={search_term_string}\"},\"query-input\":{\"@type\":\"PropertyValueSpecification\",\"valueRequired\":true,\"valueName\":\"search_term_string\"}}],\"inLanguage\":\"en-GB\"},{\"@type\":\"Organization\",\"@id\":\"https:\\\/\\\/aquarioparaiba.com.br\\\/#organization\",\"name\":\"Aquario Para\u00edba\",\"url\":\"https:\\\/\\\/aquarioparaiba.com.br\\\/\",\"logo\":{\"@type\":\"ImageObject\",\"inLanguage\":\"en-GB\",\"@id\":\"https:\\\/\\\/aquarioparaiba.com.br\\\/#\\\/schema\\\/logo\\\/image\\\/\",\"url\":\"https:\\\/\\\/aquarioparaiba.com.br\\\/wp-content\\\/uploads\\\/2022\\\/12\\\/AQUARIOPARAIBA-LOGO-ICO.png\",\"contentUrl\":\"https:\\\/\\\/aquarioparaiba.com.br\\\/wp-content\\\/uploads\\\/2022\\\/12\\\/AQUARIOPARAIBA-LOGO-ICO.png\",\"width\":365,\"height\":288,\"caption\":\"Aquario Para\u00edba\"},\"image\":{\"@id\":\"https:\\\/\\\/aquarioparaiba.com.br\\\/#\\\/schema\\\/logo\\\/image\\\/\"},\"sameAs\":[\"https:\\\/\\\/www.facebook.com\\\/aquarioparaiba\",\"https:\\\/\\\/x.com\\\/aquarioparaiba_\",\"https:\\\/\\\/www.instagram.com\\\/aquarioparaiba\\\/\"]}]}<\/script>\n<!-- \/ Yoast SEO plugin. -->","yoast_head_json":{"title":"CEREM - Para\u00edba Aquarium","robots":{"index":"index","follow":"follow","max-snippet":"max-snippet:-1","max-image-preview":"max-image-preview:large","max-video-preview":"max-video-preview:-1"},"canonical":"https:\/\/aquarioparaiba.com.br\/en\/cerem\/","og_locale":"en_GB","og_type":"article","og_title":"CEREM - Aquario Para\u00edba","og_description":"O Aqu\u00e1rio Para\u00edba tem um papel importante na conserva\u00e7\u00e3o de esp\u00e9cies amea\u00e7adas por meio de programas de reprodu\u00e7\u00e3o em ambiente controlado e na educa\u00e7\u00e3o ambiental, mostrando a import\u00e2ncia das esp\u00e9cies e o papel que desempenham na natureza. Tamb\u00e9m procuramos, atrav\u00e9s de pesquisas cient\u00edficas,aumentar o nosso conhecimento sobre os animais. Al\u00e9m da Educa\u00e7\u00e3o Ambiental, o Aqu\u00e1rio&hellip;","og_url":"https:\/\/aquarioparaiba.com.br\/en\/cerem\/","og_site_name":"Aquario Para\u00edba","article_publisher":"https:\/\/www.facebook.com\/aquarioparaiba","article_modified_time":"2023-01-09T01:08:17+00:00","og_image":[{"width":807,"height":605,"url":"https:\/\/aquarioparaiba.com.br\/wp-content\/uploads\/2023\/01\/tubarao-aquario-paraiba-lv.jpg","type":"image\/jpeg"}],"twitter_card":"summary_large_image","twitter_site":"@aquarioparaiba_","twitter_misc":{"Estimated reading time":"1 minute"},"schema":{"@context":"https:\/\/schema.org","@graph":[{"@type":"WebPage","@id":"https:\/\/aquarioparaiba.com.br\/cerem\/","url":"https:\/\/aquarioparaiba.com.br\/cerem\/","name":"CEREM - Para\u00edba Aquarium","isPartOf":{"@id":"https:\/\/aquarioparaiba.com.br\/#website"},"primaryImageOfPage":{"@id":"https:\/\/aquarioparaiba.com.br\/cerem\/#primaryimage"},"image":{"@id":"https:\/\/aquarioparaiba.com.br\/cerem\/#primaryimage"},"thumbnailUrl":"https:\/\/aquarioparaiba.com.br\/wp-content\/uploads\/2023\/01\/tubarao-aquario-paraiba-lv.jpg","datePublished":"2022-12-21T17:44:35+00:00","dateModified":"2023-01-09T01:08:17+00:00","breadcrumb":{"@id":"https:\/\/aquarioparaiba.com.br\/cerem\/#breadcrumb"},"inLanguage":"en-GB","potentialAction":[{"@type":"ReadAction","target":["https:\/\/aquarioparaiba.com.br\/cerem\/"]}]},{"@type":"ImageObject","inLanguage":"en-GB","@id":"https:\/\/aquarioparaiba.com.br\/cerem\/#primaryimage","url":"https:\/\/aquarioparaiba.com.br\/wp-content\/uploads\/2023\/01\/tubarao-aquario-paraiba-lv.jpg","contentUrl":"https:\/\/aquarioparaiba.com.br\/wp-content\/uploads\/2023\/01\/tubarao-aquario-paraiba-lv.jpg","width":807,"height":605},{"@type":"BreadcrumbList","@id":"https:\/\/aquarioparaiba.com.br\/cerem\/#breadcrumb","itemListElement":[{"@type":"ListItem","position":1,"name":"In\u00edcio","item":"https:\/\/aquarioparaiba.com.br\/"},{"@type":"ListItem","position":2,"name":"CEREM"}]},{"@type":"WebSite","@id":"https:\/\/aquarioparaiba.com.br\/#website","url":"https:\/\/aquarioparaiba.com.br\/","name":"Para\u00edba Aquarium","description":"Hear the call of Nature!","publisher":{"@id":"https:\/\/aquarioparaiba.com.br\/#organization"},"potentialAction":[{"@type":"SearchAction","target":{"@type":"EntryPoint","urlTemplate":"https:\/\/aquarioparaiba.com.br\/?s={search_term_string}"},"query-input":{"@type":"PropertyValueSpecification","valueRequired":true,"valueName":"search_term_string"}}],"inLanguage":"en-GB"},{"@type":"Organization","@id":"https:\/\/aquarioparaiba.com.br\/#organization","name":"Para\u00edba Aquarium","url":"https:\/\/aquarioparaiba.com.br\/","logo":{"@type":"ImageObject","inLanguage":"en-GB","@id":"https:\/\/aquarioparaiba.com.br\/#\/schema\/logo\/image\/","url":"https:\/\/aquarioparaiba.com.br\/wp-content\/uploads\/2022\/12\/AQUARIOPARAIBA-LOGO-ICO.png","contentUrl":"https:\/\/aquarioparaiba.com.br\/wp-content\/uploads\/2022\/12\/AQUARIOPARAIBA-LOGO-ICO.png","width":365,"height":288,"caption":"Aquario Para\u00edba"},"image":{"@id":"https:\/\/aquarioparaiba.com.br\/#\/schema\/logo\/image\/"},"sameAs":["https:\/\/www.facebook.com\/aquarioparaiba","https:\/\/x.com\/aquarioparaiba_","https:\/\/www.instagram.com\/aquarioparaiba\/"]}]}},"_links":{"self":[{"href":"https:\/\/aquarioparaiba.com.br\/en\/wp-json\/wp\/v2\/pages\/451","targetHints":{"allow":["GET"]}}],"collection":[{"href":"https:\/\/aquarioparaiba.com.br\/en\/wp-json\/wp\/v2\/pages"}],"about":[{"href":"https:\/\/aquarioparaiba.com.br\/en\/wp-json\/wp\/v2\/types\/page"}],"author":[{"embeddable":true,"href":"https:\/\/aquarioparaiba.com.br\/en\/wp-json\/wp\/v2\/users\/1"}],"replies":[{"embeddable":true,"href":"https:\/\/aquarioparaiba.com.br\/en\/wp-json\/wp\/v2\/comments?post=451"}],"version-history":[{"count":3,"href":"https:\/\/aquarioparaiba.com.br\/en\/wp-json\/wp\/v2\/pages\/451\/revisions"}],"predecessor-version":[{"id":563,"href":"https:\/\/aquarioparaiba.com.br\/en\/wp-json\/wp\/v2\/pages\/451\/revisions\/563"}],"wp:featuredmedia":[{"embeddable":true,"href":"https:\/\/aquarioparaiba.com.br\/en\/wp-json\/wp\/v2\/media\/600"}],"wp:attachment":[{"href":"https:\/\/aquarioparaiba.com.br\/en\/wp-json\/wp\/v2\/media?parent=451"}],"curies":[{"name":"wp","href":"https:\/\/api.w.org\/{rel}","templated":true}]}}